{"id":128,"date":"2022-07-01T00:33:01","date_gmt":"2022-06-30T22:33:01","guid":{"rendered":"https:\/\/progeris.fr\/berufsausbildungen-in-credit-management\/"},"modified":"2022-07-01T00:33:01","modified_gmt":"2022-06-30T22:33:01","slug":"berufsausbildungen-in-credit-management","status":"publish","type":"page","link":"https:\/\/progeris.fr\/de\/berufsausbildungen-in-credit-management\/","title":{"rendered":"Berufsausbildungen in Credit Management"},"content":{"rendered":"\n<h2 class=\"wp-block-heading\">Unser T\u00e4tigkeitsbereich :<\/h2>\n\n\n\n<ul class=\"wp-block-list\"><li>Beherrschung der Problematik des &nbsp;<strong>Kredit-Managements<\/strong>,<\/li><li>Entwicklung von Automatismen beim Umgang mit Risiken,<\/li><li>Erkennen von Risiken bei einem Kunden,<\/li><li>Einfache Regeln bei der finanziellen Diagnose entwickeln<\/li><li>Unbezahlte Au\u00dfenst\u00e4nde vermeiden<\/li><li>Von der Vermeidung bis zur Streitvorbereitung<\/li><li>Perfektionierung von telefonischen Mahnungen bei Schuldnern<\/li><li>Einbindung des Verkaufspersonals beim Vermeiden von Kundenrisiken,<\/li><li>Beherrschung der Techniken und Tools zur Verk\u00fcrzung von Zahlungsfristen bei Kunden,<\/li><li>Erlernen der gesetzlichen Bestimmungen, deren Weiterentwicklungen, der wesentlichen Regelungen in Vertr\u00e4gen, Zivilrecht und gerichtliche Vollstreckung,<\/li><li>Verst\u00e4ndnis der verschiedenen Mechanismen zur F\u00fchrung und Kontrolle der Leistungsanbieter (<strong>Factor, Versicherer, Gerichtsvollzieher, Anw\u00e4lte<\/strong> usw.)<\/li><\/ul>\n\n\n\n<h2 class=\"wp-block-heading\">Erfolgreich mit unseren Schulungsprogrammen :<\/h2>\n\n\n\n<p>Unser Team besteht aus erfahrenen Profis, die f\u00fcr Sie ma\u00dfgeschneiderte Schulungen zusammen stellen.<\/p>\n\n\n\n<h3 class=\"wp-block-heading\"><strong>Ihre Anspr\u00fcche, unsere Zielsetzung<\/strong>&nbsp; :<\/h3>\n\n\n\n<p>Die besten L\u00f6sungen sind immer die pers\u00f6nlich ma\u00dfgeschneiderten,<br>Kontaktieren Sie uns,<\/p>\n\n\n\n<p>Wir analysieren Ihrer Bed\u00fcrfnisse und etablieren ein genau passendes Schulungs-Programm<\/p>\n\n\n\n<h3 class=\"wp-block-heading\"><strong>Ihr Objektiv :<\/strong><\/h3>\n\n\n\n<p>Weiterentwicklung Ihres pers\u00f6nlichen Potentials mit dem Ziel, den Profit f\u00fcr Unternehmen und Mitarbeiter zu erh\u00f6hen.<\/p>\n\n\n\n<h2 class=\"wp-block-heading\">Resultate<\/h2>\n\n\n\n<ul class=\"wp-block-list\"><li>Transfer von Knowhow in Sachen Kundenbetreuung (<strong>kommerzielles, technisches, verwaltungsm\u00e4\u00dfiges und finanzielles Management<\/strong>)<br><\/li><li>Installation einer Partnerschaft zur Verbesserung und Optimierung Ihres Kontaktes mit Kunden.<\/li><\/ul>\n","protected":false},"excerpt":{"rendered":"<p>Unser T\u00e4tigkeitsbereich : Beherrschung der Problematik des &nbsp;Kredit-Managements, Entwicklung von Automatismen beim Umgang mit Risiken, Erkennen von Risiken bei einem Kunden, Einfache Regeln bei der finanziellen Diagnose entwickeln Unbezahlte Au\u00dfenst\u00e4nde vermeiden Von der Vermeidung bis zur Streitvorbereitung Perfektionierung von telefonischen Mahnungen bei Schuldnern Einbindung des Verkaufspersonals beim Vermeiden von Kundenrisiken, Beherrschung der Techniken und Tools [&hellip;]<\/p>\n","protected":false},"author":1,"featured_media":79,"parent":0,"menu_order":0,"comment_status":"closed","ping_status":"closed","template":"","meta":{"_acf_changed":false,"footnotes":""},"class_list":["post-128","page","type-page","status-publish","has-post-thumbnail","hentry"],"acf":[],"_links":{"self":[{"href":"https:\/\/progeris.fr\/de\/wp-json\/wp\/v2\/pages\/128","targetHints":{"allow":["GET"]}}],"collection":[{"href":"https:\/\/progeris.fr\/de\/wp-json\/wp\/v2\/pages"}],"about":[{"href":"https:\/\/progeris.fr\/de\/wp-json\/wp\/v2\/types\/page"}],"author":[{"embeddable":true,"href":"https:\/\/progeris.fr\/de\/wp-json\/wp\/v2\/users\/1"}],"replies":[{"embeddable":true,"href":"https:\/\/progeris.fr\/de\/wp-json\/wp\/v2\/comments?post=128"}],"version-history":[{"count":0,"href":"https:\/\/progeris.fr\/de\/wp-json\/wp\/v2\/pages\/128\/revisions"}],"wp:featuredmedia":[{"embeddable":true,"href":"https:\/\/progeris.fr\/de\/wp-json\/wp\/v2\/media\/79"}],"wp:attachment":[{"href":"https:\/\/progeris.fr\/de\/wp-json\/wp\/v2\/media?parent=128"}],"curies":[{"name":"wp","href":"https:\/\/api.w.org\/{rel}","templated":true}]}}