{"id":129,"date":"2022-07-01T00:33:01","date_gmt":"2022-06-30T22:33:01","guid":{"rendered":"https:\/\/progeris.fr\/aufkauf-von-forderungen\/"},"modified":"2022-07-01T00:33:01","modified_gmt":"2022-06-30T22:33:01","slug":"aufkauf-von-forderungen","status":"publish","type":"page","link":"https:\/\/progeris.fr\/de\/aufkauf-von-forderungen\/","title":{"rendered":"Aufkauf von Forderungen"},"content":{"rendered":"\n<h2 class=\"wp-block-heading\">MIT DEM ANKAUF IHRER AUSSENST\u00c4NDE DURCH PROGERIS K\u00d6NNEN SIE DIESE IN EINR UNMITTELBAR VERF\u00dcGBARE LIQUIDIT\u00c4T UMWANDELN.<\/h2>\n\n\n\n<ul class=\"wp-block-list\"><li>Wir analysieren mit Ihnen zusammen die Zusammensetzung Ihrer Au\u00dfenst\u00e4nde, um so den optimalen Wert eines Ankaufs zu ermitteln Sie k\u00f6nnen alle Arten von Au\u00dfenst\u00e4nde an uns abtreten, punktuell oder laufend.<\/li><li>Eine einfache und effiziente Methode, die es Ihnen erlaubt, Ihre Inkasso-Risiken auf einen Spezialisten zu \u00fcbertragen. PROGERIS unternimmt Aktionen auf g\u00fctlicher Basis oder Inkasso-Prozeduren in k\u00fcrzester Frist und zu angemessenen Preisen.<\/li><li>Ihre Kunden werden unter strikter Wahrung der Regeln unseres Berufsstandes zur Zahlung aufgefordert. PROGERIS agiert effizient mit viel Diplomatie, aber auch Festigkeit.<\/li><li>In einem von starker Konkurrenz gepr\u00e4gtem wirtschaftlichem Umfeld erweist es sich oft als schwierig, selbst gegen Schuldner vorzugehen. PROGERIS \u00fcbernimmt die Rolle des Gl\u00e4ubigers.<\/li><\/ul>\n\n\n\n<h2 class=\"wp-block-heading\">EINE L\u00d6SUNG F\u00dcR :<\/h2>\n\n\n\n<ul class=\"wp-block-list\"><li>Die Dynamisierung Ihres Kassenbestandes durch den Zufluss von Bargeld<\/li><li>Ausstieg aus unsicheren Forderungen bei der Kontof\u00fchrung und strukturelle Verbesserung der Bilanz<\/li><li>Realisierung eines au\u00dfergew\u00f6hnlichen Profits im Falle eine Beitreibung<\/li><li>Optimieren Sie Ihre internen Verwaltungskosten, indem Sie die mit dem Inkasso verbundenen Kosten eliminieren.<\/li><li>Zeitgewinn und Konzentration auf das eigentliche Gesch\u00e4ft<\/li><li>Bewahrung des Marken-Images und Erhaltung von Gesch\u00e4ftsbeziehungen<\/li><\/ul>\n","protected":false},"excerpt":{"rendered":"<p>MIT DEM ANKAUF IHRER AUSSENST\u00c4NDE DURCH PROGERIS K\u00d6NNEN SIE DIESE IN EINR UNMITTELBAR VERF\u00dcGBARE LIQUIDIT\u00c4T UMWANDELN. Wir analysieren mit Ihnen zusammen die Zusammensetzung Ihrer Au\u00dfenst\u00e4nde, um so den optimalen Wert eines Ankaufs zu ermitteln Sie k\u00f6nnen alle Arten von Au\u00dfenst\u00e4nde an uns abtreten, punktuell oder laufend. Eine einfache und effiziente Methode, die es Ihnen erlaubt, [&hellip;]<\/p>\n","protected":false},"author":1,"featured_media":0,"parent":0,"menu_order":0,"comment_status":"closed","ping_status":"closed","template":"","meta":{"_acf_changed":false,"footnotes":""},"class_list":["post-129","page","type-page","status-publish","hentry"],"acf":[],"_links":{"self":[{"href":"https:\/\/progeris.fr\/de\/wp-json\/wp\/v2\/pages\/129","targetHints":{"allow":["GET"]}}],"collection":[{"href":"https:\/\/progeris.fr\/de\/wp-json\/wp\/v2\/pages"}],"about":[{"href":"https:\/\/progeris.fr\/de\/wp-json\/wp\/v2\/types\/page"}],"author":[{"embeddable":true,"href":"https:\/\/progeris.fr\/de\/wp-json\/wp\/v2\/users\/1"}],"replies":[{"embeddable":true,"href":"https:\/\/progeris.fr\/de\/wp-json\/wp\/v2\/comments?post=129"}],"version-history":[{"count":0,"href":"https:\/\/progeris.fr\/de\/wp-json\/wp\/v2\/pages\/129\/revisions"}],"wp:attachment":[{"href":"https:\/\/progeris.fr\/de\/wp-json\/wp\/v2\/media?parent=129"}],"curies":[{"name":"wp","href":"https:\/\/api.w.org\/{rel}","templated":true}]}}