{"id":130,"date":"2022-07-01T00:33:01","date_gmt":"2022-06-30T22:33:01","guid":{"rendered":"https:\/\/progeris.fr\/eintreibung-von-forderungen\/"},"modified":"2022-07-01T00:33:01","modified_gmt":"2022-06-30T22:33:01","slug":"eintreibung-von-forderungen","status":"publish","type":"page","link":"https:\/\/progeris.fr\/de\/eintreibung-von-forderungen\/","title":{"rendered":"Eintreibung von Forderungen"},"content":{"rendered":"\n<h2 class=\"wp-block-heading\">Die g\u00fctliche Eintreibung Ihrer Forderungen<\/h2>\n\n\n\n<p>Eine g\u00fctliche Einigung ist stets vorzuziehen. Deshalb setzt &nbsp;<strong>PROGERIS<\/strong>&nbsp; alles daran, um bei Ihrem Schuldner eine freiwillige Begleichung zu erreichen, sei es durch Verhandlung oder \u00dcberzeugung.<\/p>\n\n\n\n<p>Unser Vorgehen besteht in der Erinnerung Ihrer &nbsp;<strong>Schuldner<\/strong>&nbsp; an ihre Zahlungsverpflichtungen, um so eine schnelle Begleichung zu erreichen, oder in Absprache mit Ihrem Unternehmen eine defintive Zahlungsfrist.<\/p>\n\n\n\n<p>Dieses Vorgehen hat zum Ziel, Ihr Interesse vollst\u00e4ndig zu wahren und eine gerichtliche Auseinandersetzung zu vermeiden :<\/p>\n\n\n\n<ul class=\"wp-block-list\"><li>Denn die Kosten eines juristischen Verfahrens inklusive einer m\u00f6glichen Beitreibung erweisen sich als bedeutend und stehen oft in einem wenig g\u00fcnstigen Verh\u00e4ltnis zum geschuldeten Betrag ;<\/li><li>Komplexit\u00e4t und sehr lange Verfahrensdauer gef\u00e4hrden die Begleichung der geschuldeten Betr\u00e4ge.<\/li><\/ul>\n\n\n\n<p>Zus\u00e4tzlich halten wir f\u00fcr Sie ein ganzes Arsenal an &nbsp;Methoden&nbsp; und Tools, Aktionen und \u00dcberzeugungsargumenten bereit :<\/p>\n\n\n\n<ul class=\"wp-block-list\"><li><strong>Mahnschreiben<\/strong>,<\/li><li><strong>Telefonische Mahnungen<\/strong>&nbsp; durch unsere Manager und Juristen,<\/li><li>Verhandlungen und Etablierung von Aufsch\u00fcben und <strong>Zahlungsfristen<\/strong>,<\/li><li><strong>Besuch der betroffenen<\/strong> Unternehmen dank des Netzes unserer &nbsp;Korrespondenten&nbsp;&nbsp; in Franreich und weiteren L\u00e4ndern \u2026<\/li><\/ul>\n\n\n\n<p>Diese Demarchen werden von einem Netz nationaler und internationaler Korrespondenten durchgef\u00fchrt, ausgew\u00e4hlt nach ihrer Performance. Das geschieht in dauerndem Kontakt mit dem Bearbeiter Ihres Dossiers.<\/p>\n\n\n\n<p>Diese Aktionen werden nach eineM stets auf den Einzelfall angepassten Ablaufplan ausgef\u00fchrt. Dessen Kriterien ber\u00fccksichtigen Ihre spezielle Situation inklusive der finanziellen und die H\u00f6he Ihrer Au\u00dfenst\u00e4nde.<\/p>\n\n\n\n<p>Die Partnerschaft zwischen Ihnen und uns ist besiegelt&#8230; Unter dem Postulat von Vertrauen und Erfolg.<\/p>\n\n\n\n<h2 class=\"wp-block-heading\">Gerichtliche Eintreibung von Forderungen<\/h2>\n\n\n\n<h3 class=\"wp-block-heading\">35 Jahre Erfahrung.<\/h3>\n\n\n\n<p>Fir Juristen von&nbsp;<strong>PROGERIS SAS<\/strong>&nbsp; analysieren und agieren in Ihrem Interesse, das gleichfalls das unsere ist Ihre perfekte Kenntnis der Prozeduren, der M\u00f6glichkeiten der Vollstreckung und der entstehenden personellen Nebenkosten ist daf\u00fcr die Garantie.<\/p>\n\n\n\n<p>Die juristische Beitreibung ist die Inanspruchnahme der Justiz, um die Anspr\u00fcche des Gl\u00e4ubigers durch eine juristische Entscheidung zu best\u00e4tigen. Streitsachen, Einspr\u00fcche \u00fcbertriebener Widerstand sind Hindernisse, die eine andere Vorgehensweise und die Intervention von Juristen und eines Richters erfordern.&nbsp;<strong>PROGERIS<\/strong>&nbsp; \u00fcbernimmt die Abwicklung aller juristischen Verfahren.<\/p>\n\n\n\n<h3 class=\"wp-block-heading\">\u00c4u\u00dferst wirkungsvolle Methoden<\/h3>\n\n\n\n<p><strong>PROGERIS SAS<\/strong>, verf\u00fcgt zur Wahrung Ihrer Interessen unter Respektierung der Lage Ihrer Schuldner \u00fcber effizienteste und moderne Inkasso-Methoden im juristischen Verfahren.<\/p>\n\n\n\n<h3 class=\"wp-block-heading\">Die Funktion der Partner von PROGERIS.<\/h3>\n\n\n\n<p>Bei den Verfahren stptzt sich unsere Kanzlei auf Partner wie Anw\u00e4lte und Gerichtsvollzieher, die wirkungsvoll intervenieren bei :<\/p>\n\n\n\n<ul class=\"wp-block-list\"><li>der Erlangung eines &nbsp;<strong>vollstreckbaren Titels<\/strong><\/li><li>der Erlangung einer Zwangsvollstreckung bei einem zahlungsunf\u00e4higen oder unwilligen Schuldner.<\/li><\/ul>\n\n\n\n<h3 class=\"wp-block-heading\">Verschiedene verfahrensarten.<\/h3>\n\n\n\n<p>Die Bedingung f\u00fcr die Erlangung eines Urteils oder einer Verf\u00fcgung variieren je nach Art des gew\u00e4hlten Verfahrens. Bei der Inanspruchnahme eines zust\u00e4ndigen Gerichtes gilt es drei verschiedene verfahren vollst\u00e4ndig zu beherrschen :<\/p>\n\n\n\n<ul class=\"wp-block-list\"><li>Antrag auf einen gerichtlichen Zahlungsbefehl<\/li><li>Erwirkung eine Einstweiligen Verf\u00fcgung oder eines Eilverfahrens<\/li><li>Gerichtliche Vorladung und Feststellung der Verbindlichkeit<\/li><\/ul>\n\n\n\n<h3 class=\"wp-block-heading\">Die Zusammenstellung Ihres Dossiers<\/h3>\n\n\n\n<p>Die Qualit\u00e4t und Stichhaltigkeit Ihrer Unterlagen bestimmen die Art der Vorgehensweise. Unsere juristische Abteilung kann Sie bei der Erstellung des Dossiers unterst\u00fctzen.<\/p>\n\n\n\n<p>Diese Leistungen sind sowohl in Frankreich als auch weltweit verf\u00fcgbar<\/p>\n","protected":false},"excerpt":{"rendered":"<p>Die g\u00fctliche Eintreibung Ihrer Forderungen Eine g\u00fctliche Einigung ist stets vorzuziehen. Deshalb setzt &nbsp;PROGERIS&nbsp; alles daran, um bei Ihrem Schuldner eine freiwillige Begleichung zu erreichen, sei es durch Verhandlung oder \u00dcberzeugung. Unser Vorgehen besteht in der Erinnerung Ihrer &nbsp;Schuldner&nbsp; an ihre Zahlungsverpflichtungen, um so eine schnelle Begleichung zu erreichen, oder in Absprache mit Ihrem Unternehmen [&hellip;]<\/p>\n","protected":false},"author":1,"featured_media":77,"parent":0,"menu_order":0,"comment_status":"closed","ping_status":"closed","template":"","meta":{"_acf_changed":false,"footnotes":""},"class_list":["post-130","page","type-page","status-publish","has-post-thumbnail","hentry"],"acf":[],"_links":{"self":[{"href":"https:\/\/progeris.fr\/de\/wp-json\/wp\/v2\/pages\/130","targetHints":{"allow":["GET"]}}],"collection":[{"href":"https:\/\/progeris.fr\/de\/wp-json\/wp\/v2\/pages"}],"about":[{"href":"https:\/\/progeris.fr\/de\/wp-json\/wp\/v2\/types\/page"}],"author":[{"embeddable":true,"href":"https:\/\/progeris.fr\/de\/wp-json\/wp\/v2\/users\/1"}],"replies":[{"embeddable":true,"href":"https:\/\/progeris.fr\/de\/wp-json\/wp\/v2\/comments?post=130"}],"version-history":[{"count":0,"href":"https:\/\/progeris.fr\/de\/wp-json\/wp\/v2\/pages\/130\/revisions"}],"wp:featuredmedia":[{"embeddable":true,"href":"https:\/\/progeris.fr\/de\/wp-json\/wp\/v2\/media\/77"}],"wp:attachment":[{"href":"https:\/\/progeris.fr\/de\/wp-json\/wp\/v2\/media?parent=130"}],"curies":[{"name":"wp","href":"https:\/\/api.w.org\/{rel}","templated":true}]}}