{"id":134,"date":"2022-07-01T00:33:01","date_gmt":"2022-06-30T22:33:01","guid":{"rendered":"https:\/\/progeris.fr\/kontaktieren-sie-uns\/"},"modified":"2022-07-01T00:33:01","modified_gmt":"2022-06-30T22:33:01","slug":"kontaktieren-sie-uns","status":"publish","type":"page","link":"https:\/\/progeris.fr\/de\/kontaktieren-sie-uns\/","title":{"rendered":"Kontaktieren Sie uns"},"content":{"rendered":"\n<p>Sind Sie mit <strong>unbezahlten Rechnungen<\/strong> Ihrer Schuldner konfrontiert? Unsere Juristen stehen Ihnen zur Verf\u00fcgung, um Ihren Fall zu pr\u00fcfen und Ihnen einen Kostenvoranschlag f\u00fcr die Eintreibung von <strong>Forderungen<\/strong>zu erstellen.<\/p>\n","protected":false},"excerpt":{"rendered":"<p>Sind Sie mit unbezahlten Rechnungen Ihrer Schuldner konfrontiert? Unsere Juristen stehen Ihnen zur Verf\u00fcgung, um Ihren Fall zu pr\u00fcfen und Ihnen einen Kostenvoranschlag f\u00fcr die Eintreibung von Forderungenzu erstellen.<\/p>\n","protected":false},"author":1,"featured_media":0,"parent":0,"menu_order":0,"comment_status":"closed","ping_status":"closed","template":"","meta":{"_acf_changed":false,"footnotes":""},"class_list":["post-134","page","type-page","status-publish","hentry"],"acf":[],"_links":{"self":[{"href":"https:\/\/progeris.fr\/de\/wp-json\/wp\/v2\/pages\/134","targetHints":{"allow":["GET"]}}],"collection":[{"href":"https:\/\/progeris.fr\/de\/wp-json\/wp\/v2\/pages"}],"about":[{"href":"https:\/\/progeris.fr\/de\/wp-json\/wp\/v2\/types\/page"}],"author":[{"embeddable":true,"href":"https:\/\/progeris.fr\/de\/wp-json\/wp\/v2\/users\/1"}],"replies":[{"embeddable":true,"href":"https:\/\/progeris.fr\/de\/wp-json\/wp\/v2\/comments?post=134"}],"version-history":[{"count":0,"href":"https:\/\/progeris.fr\/de\/wp-json\/wp\/v2\/pages\/134\/revisions"}],"wp:attachment":[{"href":"https:\/\/progeris.fr\/de\/wp-json\/wp\/v2\/media?parent=134"}],"curies":[{"name":"wp","href":"https:\/\/api.w.org\/{rel}","templated":true}]}}